{"id":24,"date":"2020-05-13T21:51:49","date_gmt":"2020-05-13T21:51:49","guid":{"rendered":"https:\/\/www.verigom.com\/blog\/?page_id=24"},"modified":"2020-05-13T21:51:51","modified_gmt":"2020-05-13T21:51:51","slug":"hakkimizda","status":"publish","type":"page","link":"https:\/\/www.verigom.com\/blog\/hakkimizda\/","title":{"rendered":"Hakk\u0131m\u0131zda"},"content":{"rendered":"\n<p>2010 Y\u0131l\u0131ndan beri aktif olarak hosting sekt\u00f6r\u00fcnde yer almakta olup,sekt\u00f6r\u00fc ve geli\u015fimleri s\u00fcrekli takip etmekteyiz.Verigom Bili\u015fim Teknolojileri firmam\u0131z kurumsal ve bireysel m\u00fc\u015fterilerine internet servis sa\u011flay\u0131c\u0131l\u0131k hizmetini en iyi ve kesintisiz bir \u015fekilde sunabilmek ve m\u00fc\u015fteri memnuniyetini en \u00fcst d\u00fczeyde tutabilmek amac\u0131 ile 2019 y\u0131l\u0131nda faaliyete ge\u00e7mi\u015ftir.<\/p>\n\n\n\n<p>Firmam\u0131z 2019 y\u0131l\u0131nda faaliyet g\u00f6stermeye ba\u015flamas\u0131na ra\u011fmen; profesyonel ekibimiz i\u00e7erisinde y\u0131llar\u0131n\u0131 hosting ve bili\u015fim sistemleri \u00fczerinde ge\u00e7irmi\u015f,adam\u0131\u015f g\u00fczel,en \u00f6nemliside tak\u0131m \u00e7al\u0131\u015fmas\u0131na yatk\u0131n bir ekip bulunmaktad\u0131r. Siz m\u00fc\u015fterilerimize hizmet verirken g\u00fcncel web trendlerini takip ederek, bazen de sekt\u00f6r\u00fcn trendleri kendimiz belirleyerek rakiplerimizden farkl\u0131 olmay\u0131 ba\u015farmay\u0131 ama\u00e7lamaktay\u0131z.<\/p>\n\n\n\n<h5 class=\"wp-block-heading\">Hangi \u00fcr\u00fcn ve hizmetleri sa\u011fl\u0131yoruz ?<\/h5>\n\n\n\n<p>Kurulu\u015fumuzdan bu yana, Alan Ad\u0131 , Web Hosting , Bayi Hosting , Sanal Sunucu , Kiral\u0131k Sunucu , Cloud Sistemleri , Yedekleme Sistemleri , Bar\u0131nd\u0131rma Hizmetleri , Dijital Pazarlama Ve Dan\u0131\u015fmanl\u0131k hizmetleri vermekteyiz. Olu\u015fturdu\u011fumuz ARGE yap\u0131m\u0131z ile s\u00fcrekli yeni teknolojiler geli\u015ftirerek trendleri takip etmekteyiz. Verdi\u011fimiz t\u00fcm hizmetler i\u00e7in servis seviye garantileri (SLA) sunmaktay\u0131z.<\/p>\n\n\n\n<h5 class=\"wp-block-heading\">Misyonumuz<\/h5>\n\n\n\n<p>Verigom \u0130nternet Hizmetleri olarak m\u00fc\u015fterilerimize,en etkin,h\u0131zl\u0131 ve kesintisiz bir bar\u0131nd\u0131rma imkan\u0131 sunarak,g\u00f6n\u00fcl rahatl\u0131\u011f\u0131 ile web site,sunucu,ve di\u011fer dijital hizmetlerini kesintisiz bir alt yap\u0131 ve memnuniyetle host etmektir.<\/p>\n\n\n\n<h5 class=\"wp-block-heading\">Visyonumuz<\/h5>\n\n\n\n<p>Verigom Bili\u015fim Hizmetleri olarak,t\u00fcrkiye ve global pazarda iddial\u0131 bir konum elde ederek,yurtd\u0131\u015f\u0131ndaki servis sa\u011flay\u0131c\u0131lar\u0131n ciddi teknik destek eksikli\u011fini pazarda Verigom olarak doldurarak, insanlar\u0131n daha huzurlu bir g\u00fcn ge\u00e7irmesini sa\u011flamak istiyoruz.<\/p>\n","protected":false},"excerpt":{"rendered":"<p>2010 Y\u0131l\u0131ndan beri aktif olarak hosting sekt\u00f6r\u00fcnde yer almakta olup,sekt\u00f6r\u00fc ve geli\u015fimleri s\u00fcrekli takip etmekteyiz.Verigom Bili\u015fim Teknolojileri firmam\u0131z kurumsal ve bireysel m\u00fc\u015fterilerine internet servis sa\u011flay\u0131c\u0131l\u0131k hizmetini en iyi ve kesintisiz bir \u015fekilde sunabilmek ve m\u00fc\u015fteri memnuniyetini en \u00fcst d\u00fczeyde tutabilmek amac\u0131 ile 2019 y\u0131l\u0131nda faaliyete ge\u00e7mi\u015ftir. Firmam\u0131z 2019 y\u0131l\u0131nda faaliyet g\u00f6stermeye ba\u015flamas\u0131na ra\u011fmen; profesyonel ekibimiz [&hellip;]<\/p>\n","protected":false},"author":1,"featured_media":0,"parent":0,"menu_order":0,"comment_status":"closed","ping_status":"closed","template":"","meta":{"footnotes":""},"class_list":["post-24","page","type-page","status-publish","hentry"],"yoast_head":"<!-- This site is optimized with the Yoast SEO plugin v27.4 - https:\/\/yoast.com\/product\/yoast-seo-wordpress\/ -->\n<title>Hakk\u0131m\u0131zda - Domain, Hosting Ve Teknoloji Blogu - Verigom<\/title>\n<meta name=\"robots\" content=\"index, follow, max-snippet:-1, max-image-preview:large, max-video-preview:-1\" \/>\n<link rel=\"canonical\" href=\"https:\/\/www.verigom.com\/blog\/hakkimizda\/\" \/>\n<meta property=\"og:locale\" content=\"tr_TR\" \/>\n<meta property=\"og:type\" content=\"article\" \/>\n<meta property=\"og:title\" content=\"Hakk\u0131m\u0131zda - Domain, Hosting Ve Teknoloji Blogu - Verigom\" \/>\n<meta property=\"og:description\" content=\"2010 Y\u0131l\u0131ndan beri aktif olarak hosting sekt\u00f6r\u00fcnde yer almakta olup,sekt\u00f6r\u00fc ve geli\u015fimleri s\u00fcrekli takip etmekteyiz.Verigom Bili\u015fim Teknolojileri firmam\u0131z kurumsal ve bireysel m\u00fc\u015fterilerine internet servis sa\u011flay\u0131c\u0131l\u0131k hizmetini en iyi ve kesintisiz bir \u015fekilde sunabilmek ve m\u00fc\u015fteri memnuniyetini en \u00fcst d\u00fczeyde tutabilmek amac\u0131 ile 2019 y\u0131l\u0131nda faaliyete ge\u00e7mi\u015ftir. Firmam\u0131z 2019 y\u0131l\u0131nda faaliyet g\u00f6stermeye ba\u015flamas\u0131na ra\u011fmen; profesyonel ekibimiz [&hellip;]\" \/>\n<meta property=\"og:url\" content=\"https:\/\/www.verigom.com\/blog\/hakkimizda\/\" \/>\n<meta property=\"og:site_name\" content=\"Domain, Hosting Ve Teknoloji Blogu - Verigom\" \/>\n<meta property=\"article:modified_time\" content=\"2020-05-13T21:51:51+00:00\" \/>\n<meta name=\"twitter:card\" content=\"summary_large_image\" \/>\n<meta name=\"twitter:label1\" content=\"Tahmini okuma s\u00fcresi\" \/>\n\t<meta name=\"twitter:data1\" content=\"1 dakika\" \/>\n<script type=\"application\/ld+json\" class=\"yoast-schema-graph\">{\"@context\":\"https:\\\/\\\/schema.org\",\"@graph\":[{\"@type\":\"WebPage\",\"@id\":\"https:\\\/\\\/www.verigom.com\\\/blog\\\/hakkimizda\\\/\",\"url\":\"https:\\\/\\\/www.verigom.com\\\/blog\\\/hakkimizda\\\/\",\"name\":\"Hakk\u0131m\u0131zda - Domain, Hosting Ve Teknoloji Blogu - Verigom\",\"isPartOf\":{\"@id\":\"https:\\\/\\\/www.verigom.com\\\/blog\\\/#website\"},\"datePublished\":\"2020-05-13T21:51:49+00:00\",\"dateModified\":\"2020-05-13T21:51:51+00:00\",\"breadcrumb\":{\"@id\":\"https:\\\/\\\/www.verigom.com\\\/blog\\\/hakkimizda\\\/#breadcrumb\"},\"inLanguage\":\"tr\",\"potentialAction\":[{\"@type\":\"ReadAction\",\"target\":[\"https:\\\/\\\/www.verigom.com\\\/blog\\\/hakkimizda\\\/\"]}]},{\"@type\":\"BreadcrumbList\",\"@id\":\"https:\\\/\\\/www.verigom.com\\\/blog\\\/hakkimizda\\\/#breadcrumb\",\"itemListElement\":[{\"@type\":\"ListItem\",\"position\":1,\"name\":\"Anasayfa\",\"item\":\"https:\\\/\\\/www.verigom.com\\\/blog\\\/\"},{\"@type\":\"ListItem\",\"position\":2,\"name\":\"Hakk\u0131m\u0131zda\"}]},{\"@type\":\"WebSite\",\"@id\":\"https:\\\/\\\/www.verigom.com\\\/blog\\\/#website\",\"url\":\"https:\\\/\\\/www.verigom.com\\\/blog\\\/\",\"name\":\"Domain, Hosting Ve Teknoloji Blogu - Verigom\",\"description\":\"Domain, web hosting, g\u00fcncel teknoloji i\u00e7erikleri, sekt\u00f6rel haber ve sorunlar\u0131n \u00e7\u00f6z\u00fcm\u00fc, wordpress ve dijital pazarlama ile ilgili fayda sa\u011flayacak i\u00e7erikler.\",\"potentialAction\":[{\"@type\":\"SearchAction\",\"target\":{\"@type\":\"EntryPoint\",\"urlTemplate\":\"https:\\\/\\\/www.verigom.com\\\/blog\\\/?s={search_term_string}\"},\"query-input\":{\"@type\":\"PropertyValueSpecification\",\"valueRequired\":true,\"valueName\":\"search_term_string\"}}],\"inLanguage\":\"tr\"}]}<\/script>\n<!-- \/ Yoast SEO plugin. -->","yoast_head_json":{"title":"Hakk\u0131m\u0131zda - Domain, Hosting Ve Teknoloji Blogu - Verigom","robots":{"index":"index","follow":"follow","max-snippet":"max-snippet:-1","max-image-preview":"max-image-preview:large","max-video-preview":"max-video-preview:-1"},"canonical":"https:\/\/www.verigom.com\/blog\/hakkimizda\/","og_locale":"tr_TR","og_type":"article","og_title":"Hakk\u0131m\u0131zda - Domain, Hosting Ve Teknoloji Blogu - Verigom","og_description":"2010 Y\u0131l\u0131ndan beri aktif olarak hosting sekt\u00f6r\u00fcnde yer almakta olup,sekt\u00f6r\u00fc ve geli\u015fimleri s\u00fcrekli takip etmekteyiz.Verigom Bili\u015fim Teknolojileri firmam\u0131z kurumsal ve bireysel m\u00fc\u015fterilerine internet servis sa\u011flay\u0131c\u0131l\u0131k hizmetini en iyi ve kesintisiz bir \u015fekilde sunabilmek ve m\u00fc\u015fteri memnuniyetini en \u00fcst d\u00fczeyde tutabilmek amac\u0131 ile 2019 y\u0131l\u0131nda faaliyete ge\u00e7mi\u015ftir. Firmam\u0131z 2019 y\u0131l\u0131nda faaliyet g\u00f6stermeye ba\u015flamas\u0131na ra\u011fmen; profesyonel ekibimiz [&hellip;]","og_url":"https:\/\/www.verigom.com\/blog\/hakkimizda\/","og_site_name":"Domain, Hosting Ve Teknoloji Blogu - Verigom","article_modified_time":"2020-05-13T21:51:51+00:00","twitter_card":"summary_large_image","twitter_misc":{"Tahmini okuma s\u00fcresi":"1 dakika"},"schema":{"@context":"https:\/\/schema.org","@graph":[{"@type":"WebPage","@id":"https:\/\/www.verigom.com\/blog\/hakkimizda\/","url":"https:\/\/www.verigom.com\/blog\/hakkimizda\/","name":"Hakk\u0131m\u0131zda - Domain, Hosting Ve Teknoloji Blogu - Verigom","isPartOf":{"@id":"https:\/\/www.verigom.com\/blog\/#website"},"datePublished":"2020-05-13T21:51:49+00:00","dateModified":"2020-05-13T21:51:51+00:00","breadcrumb":{"@id":"https:\/\/www.verigom.com\/blog\/hakkimizda\/#breadcrumb"},"inLanguage":"tr","potentialAction":[{"@type":"ReadAction","target":["https:\/\/www.verigom.com\/blog\/hakkimizda\/"]}]},{"@type":"BreadcrumbList","@id":"https:\/\/www.verigom.com\/blog\/hakkimizda\/#breadcrumb","itemListElement":[{"@type":"ListItem","position":1,"name":"Anasayfa","item":"https:\/\/www.verigom.com\/blog\/"},{"@type":"ListItem","position":2,"name":"Hakk\u0131m\u0131zda"}]},{"@type":"WebSite","@id":"https:\/\/www.verigom.com\/blog\/#website","url":"https:\/\/www.verigom.com\/blog\/","name":"Domain, Hosting Ve Teknoloji Blogu - Verigom","description":"Domain, web hosting, g\u00fcncel teknoloji i\u00e7erikleri, sekt\u00f6rel haber ve sorunlar\u0131n \u00e7\u00f6z\u00fcm\u00fc, wordpress ve dijital pazarlama ile ilgili fayda sa\u011flayacak i\u00e7erikler.","potentialAction":[{"@type":"SearchAction","target":{"@type":"EntryPoint","urlTemplate":"https:\/\/www.verigom.com\/blog\/?s={search_term_string}"},"query-input":{"@type":"PropertyValueSpecification","valueRequired":true,"valueName":"search_term_string"}}],"inLanguage":"tr"}]}},"_links":{"self":[{"href":"https:\/\/www.verigom.com\/blog\/wp-json\/wp\/v2\/pages\/24","targetHints":{"allow":["GET"]}}],"collection":[{"href":"https:\/\/www.verigom.com\/blog\/wp-json\/wp\/v2\/pages"}],"about":[{"href":"https:\/\/www.verigom.com\/blog\/wp-json\/wp\/v2\/types\/page"}],"author":[{"embeddable":true,"href":"https:\/\/www.verigom.com\/blog\/wp-json\/wp\/v2\/users\/1"}],"replies":[{"embeddable":true,"href":"https:\/\/www.verigom.com\/blog\/wp-json\/wp\/v2\/comments?post=24"}],"version-history":[{"count":1,"href":"https:\/\/www.verigom.com\/blog\/wp-json\/wp\/v2\/pages\/24\/revisions"}],"predecessor-version":[{"id":25,"href":"https:\/\/www.verigom.com\/blog\/wp-json\/wp\/v2\/pages\/24\/revisions\/25"}],"wp:attachment":[{"href":"https:\/\/www.verigom.com\/blog\/wp-json\/wp\/v2\/media?parent=24"}],"curies":[{"name":"wp","href":"https:\/\/api.w.org\/{rel}","templated":true}]}}